{"id":12,"date":"2016-02-02T20:59:16","date_gmt":"2016-02-02T20:59:16","guid":{"rendered":"http:\/\/wpeventime.tchaikovsky.design\/onepage\/?page_id=12"},"modified":"2026-03-04T18:11:36","modified_gmt":"2026-03-04T18:11:36","slug":"onepage","status":"publish","type":"page","link":"https:\/\/przechowalniaoponwroclaw.pl\/","title":{"rendered":"OnePage"},"content":{"rendered":"<div class=\"wpb-content-wrapper\"><p>[vc_row][vc_column][vc_column_text]\n\t\t\t<!-- START eventime_main REVOLUTION SLIDER 6.6.20 --><p class=\"rs-p-wp-fix\"><\/p>\n\t\t\t<rs-module-wrap id=\"rev_slider_1_1_wrapper\" data-source=\"gallery\" style=\"visibility:hidden;background:#000000;padding:0;margin:0px auto;margin-top:0;margin-bottom:0;\">\n\t\t\t\t<rs-module id=\"rev_slider_1_1\" style=\"\" data-version=\"6.6.20\">\n\t\t\t\t\t<rs-slides style=\"overflow: hidden; position: absolute;\">\n\t\t\t\t\t\t<rs-slide style=\"position: absolute;\" data-key=\"rs-3\" data-title=\"Slide\" data-duration=\"9750\" data-anim=\"adpr:false;\" data-in=\"o:-0.5;sx:1.6;sy:1.6;e:power0.inOut;\" data-out=\"o:0;sx:0.6;sy:0.6;\" data-alttrans=\"fadefromtop\">\n\t\t\t\t\t\t\t<img decoding=\"async\" src=\"\/\/przechowalniaoponwroclaw.pl\/wp-content\/plugins\/revslider\/public\/assets\/assets\/dummy.png\" alt=\"\" title=\"1-scaled.jpg\" width=\"2560\" height=\"1376\" class=\"rev-slidebg tp-rs-img rs-lazyload\" data-lazyload=\"\/\/przechowalniaoponwroclaw.pl\/wp-content\/uploads\/revslider\/eventime_main\/1-scaled.jpg\" data-parallax=\"off\" data-panzoom=\"d:20000;ss:120;se:100;\" data-no-retina>\n<!--\n\t\t\t\t\t\t\t--><rs-layer\n\t\t\t\t\t\t\t\tid=\"slider-1-slide-3-layer-0\" \n\t\t\t\t\t\t\t\tdata-type=\"image\"\n\t\t\t\t\t\t\t\tdata-rsp_ch=\"on\"\n\t\t\t\t\t\t\t\tdata-xy=\"x:r;xo:29px,23px,17px,10px;yo:-6px,-4px,-3px,-1px;\"\n\t\t\t\t\t\t\t\tdata-text=\"w:normal;s:20,16,12,7;l:0,20,15,9;\"\n\t\t\t\t\t\t\t\tdata-dim=\"w:689px,568px,431px,265px;h:534px,440px,334px,206px;\"\n\t\t\t\t\t\t\t\tdata-frame_999=\"o:0;st:w;\"\n\t\t\t\t\t\t\t\tstyle=\"z-index:9;\"\n\t\t\t\t\t\t\t><img decoding=\"async\" src=\"\/\/przechowalniaoponwroclaw.pl\/wp-content\/plugins\/revslider\/public\/assets\/assets\/dummy.png\" alt=\"\" class=\"tp-rs-img rs-lazyload\" width=\"2064\" height=\"1600\" data-lazyload=\"\/\/przechowalniaoponwroclaw.pl\/wp-content\/uploads\/2023\/03\/DECOSLIDE.png\" data-no-retina> \n\t\t\t\t\t\t\t<\/rs-layer><!--\n\n\t\t\t\t\t\t\t--><rs-layer\n\t\t\t\t\t\t\t\tid=\"haslo\" \n\t\t\t\t\t\t\t\tdata-type=\"text\"\n\t\t\t\t\t\t\t\tdata-color=\"rgba(255,255,255,1)\"\n\t\t\t\t\t\t\t\tdata-xy=\"xo:106px,110px,110px,110px;y:m;yo:23px,-60px,-140px,-170px;\"\n\t\t\t\t\t\t\t\tdata-text=\"w:normal;s:44,50,46,28;l:50,50,43,26;ls:2;fw:700,400,400,400;\"\n\t\t\t\t\t\t\t\tdata-dim=\"w:597px,652px,591px,312px;\"\n\t\t\t\t\t\t\t\tdata-basealign=\"slide\"\n\t\t\t\t\t\t\t\tdata-rsp_o=\"off\"\n\t\t\t\t\t\t\t\tdata-rsp_bd=\"off\"\n\t\t\t\t\t\t\t\tdata-frame_0=\"x:-100%;o:1;\"\n\t\t\t\t\t\t\t\tdata-frame_0_mask=\"u:t;\"\n\t\t\t\t\t\t\t\tdata-frame_1=\"st:50;sp:1500;\"\n\t\t\t\t\t\t\t\tdata-frame_1_mask=\"u:t;\"\n\t\t\t\t\t\t\t\tdata-frame_999=\"st:w;auto:true;\"\n\t\t\t\t\t\t\t\tdata-frame_999_mask=\"u:t;\"\n\t\t\t\t\t\t\t\tstyle=\"z-index:5;font-family:'Open Sans';text-transform:uppercase;#haslo{  \nfont-family:\"PantonBoldItalic\" !important;\"\n\t\t\t\t\t\t\t>Bezpiecze\u0144stwo Twoich opon = Twoje bezpiecze\u0144stwo! \n\t\t\t\t\t\t\t<\/rs-layer><!--\n-->\t\t\t\t\t\t<\/rs-slide>\n\t\t\t\t\t<\/rs-slides>\n\t\t\t\t<\/rs-module>\n\t\t\t\t<script>\n\t\t\t\t\tsetREVStartSize({c: 'rev_slider_1_1',rl:[1240,1024,778,480],el:[568,668,960,720],gw:[1240,1024,778,480],gh:[568,668,960,720],type:'standard',justify:'',layout:'fullwidth',mh:\"700px\"});if (window.RS_MODULES!==undefined && window.RS_MODULES.modules!==undefined && window.RS_MODULES.modules[\"revslider11\"]!==undefined) {window.RS_MODULES.modules[\"revslider11\"].once = false;window.revapi1 = undefined;if (window.RS_MODULES.checkMinimal!==undefined) window.RS_MODULES.checkMinimal()}\n\t\t\t\t<\/script>\n\t\t\t<\/rs-module-wrap>\n\t\t\t<!-- END REVOLUTION SLIDER -->\n[\/vc_column_text][\/vc_column][\/vc_row][vc_row el_id=&#8221;onas&#8221;][vc_column]<div class=\"clear\"><\/div><div class=\"firstrow  \" style=\"height: 400px;\"><div class=\"centred et-text-section-left\">\n                <div class=\"first_line \">\n                <\/div>\n                <div class=\"first_title\">\n                  <p>\n                    O nas\n                  <\/p>\n                <\/div>\n                <div class=\"first_description\">\n                  <p>\n                    <span style=\"font-weight: 400;\">Od 2016 roku \u015bwiadczymy Pa\u0144stwu najwy\u017cszej jako\u015bci us\u0142ugi jako Grupa Speed. Zajmujemy si\u0119 przechowywaniem opon w spos\u00f3b odpowiedzialny i staranny. Zadowolenie Klienta jest dla nas kluczowe, dlatego dbamy o standardy oraz stale poszerzamy zakres naszych us\u0142ug.<\/span><\/p>\n<p><span style=\"font-weight: 400;\">Nasz\u0105 najwa\u017cniejsz\u0105 cech\u0105 jest profesjonalizm, kt\u00f3ry wp\u0142ywa na wysoki poziom zaufania u\u00a0 Klienta. Za ka\u017cdym razem, gdy nasze us\u0142ugi wybiera nowa osoba &#8211; na samym pocz\u0105tku badamy jej potrzeby w perspektywie d\u0142ugofalowej wsp\u00f3\u0142pracy, aby nast\u0119pnie dopasowa\u0107 us\u0142ug\u0119 do indywidualnych potrzeb.<\/span>\n                  <\/p>\n                <\/div>\n                <\/div><div class=\" first_image\" style=\"background-image: url(https:\/\/przechowalniaoponwroclaw.pl\/wp-content\/uploads\/2026\/03\/speedbux-1-1024x682.jpg);\"><\/div><\/div>[\/vc_column][\/vc_row][vc_row][vc_column]<div class=\"clear\"><\/div><div class=\"firstrow  \" style=\"height: 400px;\"><div class=\" first_image\" style=\"background-image: url(https:\/\/przechowalniaoponwroclaw.pl\/wp-content\/uploads\/2023\/03\/bg2-1024x683.png);\"><\/div><div class=\"centred et-text-section-right\">\n                <div class=\"first_line \">\n                <\/div>\n                <div class=\"first_title\">\n                  <p>\n                    Przechowalnia\n                  <\/p>\n                <\/div>\n                <div class=\"first_description\">\n                  <p>\n                    <span style=\"font-weight: 400;\">Opony przechowujemy w odpowiednich warunkach &#8211; niezale\u017cnie czy s\u0105 to opony zimowe, czy letnie. Nasz magazyn jest zabezpieczony i dopasowany do rodzaju \u015bwiadczonych us\u0142ug. Opony sk\u0142adowane s\u0105 na specjalnie do tego przygotowanych rega\u0142ach. Chronimy je przed wilgoci\u0105, wysok\u0105 temperatur\u0105 czy kontaktem ze szkodliwymi substancjami (r\u00f3\u017cnego rodzaju chemikalia, smar, rozpuszczalnik). Tym samym zmniejszamy ryzyko odkszta\u0142cenia czy niszczenia gumy. Dodatkowo w okresie \u015bwiadczenia us\u0142ug &#8211; opony s\u0105 obracane i przek\u0142adane, co eliminuje ryzyko deformacji.\u00a0<\/span>\n                  <\/p>\n                <\/div>\n                <\/div><\/div>[\/vc_column][\/vc_row][vc_row el_id=&#8221;oferta&#8221;][vc_column]<div class=\"et-row   et-apply-gradient\">[vc_empty_space][vc_row_inner][vc_column_inner width=&#8221;1\/2&#8243;][vc_column_text css=&#8221;.vc_custom_1679576963638{margin-bottom: 50px !important;}&#8221;]<\/p>\n<p style=\"color: #ffffff; text-align: left;\">Do ka\u017cdej powierzonej opony dodajemy kopi\u0119 polisy potwierdzaj\u0105c\u0105 ubezpieczenie. Mienie jest r\u00f3wnie\u017c odpowiednio oznakowane, co umo\u017cliwia szybkie odnalezienie jej w ka\u017cdym momencie z pomoc\u0105 specjalnych program\u00f3w stworzonych dla przechowalni k\u00f3\u0142. Korzystaj\u0105c z naszych us\u0142ug, mog\u0105 Pa\u0144stwo czu\u0107 si\u0119 bezpiecznie! Zaufali nam ju\u017c m.in. Toyota Centrum Wroc\u0142aw oraz Ryba Taxi!<\/p>\n<p>[\/vc_column_text][\/vc_column_inner][vc_column_inner width=&#8221;1\/4&#8243;][vc_empty_space height=&#8221;8px&#8221;][vc_single_image image=&#8221;633&#8243; img_size=&#8221;large&#8221; alignment=&#8221;center&#8221;][vc_empty_space height=&#8221;8px&#8221;][vc_btn title=&#8221;Pobierz Referencje Toyota &amp; Lexus Centrum Wroc\u0142aw&#8221; style=&#8221;outline&#8221; shape=&#8221;round&#8221; color=&#8221;default&#8221; align=&#8221;center&#8221; i_icon_fontawesome=&#8221;fas fa-angle-down&#8221; add_icon=&#8221;true&#8221; link=&#8221;url:https%3A%2F%2Fprzechowalniaoponwroclaw.pl%2Fwp-content%2Fuploads%2F2023%2F06%2Ftoyota-ref.pdf|title:Toyota%20Referencje|target:_blank&#8221; css=&#8221;.vc_custom_1685990434236{margin-right: 25px !important;margin-left: 15px !important;}&#8221;][\/vc_column_inner][vc_column_inner width=&#8221;1\/4&#8243;][vc_empty_space height=&#8221;8px&#8221;][vc_single_image image=&#8221;632&#8243; img_size=&#8221;large&#8221; alignment=&#8221;center&#8221;][vc_empty_space height=&#8221;8px&#8221;][vc_btn title=&#8221;Pobierz Referencje Ryba Taxi Wroc\u0142aw&#8221; style=&#8221;outline&#8221; shape=&#8221;round&#8221; color=&#8221;default&#8221; align=&#8221;center&#8221; i_icon_fontawesome=&#8221;fas fa-angle-down&#8221; add_icon=&#8221;true&#8221; link=&#8221;url:https%3A%2F%2Fprzechowalniaoponwroclaw.pl%2Fwp-content%2Fuploads%2F2023%2F06%2Fryba-ref.pdf|title:Toyota%20Referencje|target:_blank&#8221; css=&#8221;.vc_custom_1685990426571{margin-right: 25px !important;margin-left: 15px !important;}&#8221;][\/vc_column_inner][\/vc_row_inner]<div class=\"clear\"><\/div><\/div>[\/vc_column][\/vc_row][vc_row el_id=&#8221;kontakt&#8221;][vc_column css=&#8221;.vc_custom_1679577733491{background-image: url(https:\/\/przechowalniaoponwroclaw.pl\/wp-content\/uploads\/2023\/03\/bg.jpg?id=569) !important;}&#8221;]<div class=\"et-row  mask \">[vc_empty_space height=&#8221;62px&#8221;][vc_row_inner][vc_column_inner width=&#8221;1\/2&#8243;]<div class=\"\"><div class=\"title_center\"><p class=\"\">Oferta<\/p><\/div><div class=\"center_line\"><\/div><\/div>[vc_column_text]<span style=\"font-weight: 400;\">Nasz\u0105 ofert\u0119 kierujemy do os\u00f3b, kt\u00f3re zmagaj\u0105 si\u0119 z deficytem miejsc magazynowych b\u0105d\u017a s\u0105 niezadowolone z aktualnego poziomu us\u0142ug w innych przechowalniach. <\/span><\/p>\n<p><span style=\"font-weight: 400;\">Ch\u0119tnie zajmiemy si\u0119 Pa\u0144stwa oponami w spos\u00f3b kompleksowy i profesjonalny!<\/span><\/p>\n<p>Nasze us\u0142ugi obejmuj\u0105:<\/p>\n<ul>\n<li>Odbi\u00f3r opon od Klienta i transport do docelowego magazynu.<\/li>\n<li>Oznakowanie opon etykietami do tego przystosowanymi.<\/li>\n<li>Przechowanie opon zgodnie z zapotrzebowaniem Klienta.<\/li>\n<li>Ubezpieczenie powierzonego mienia.<\/li>\n<li>Zwrot opon w ci\u0105gu 2 dni roboczych od zg\u0142oszenia zapotrzebowania.<\/li>\n<li>Wykaz przechowywanego towaru jako za\u0142\u0105cznik do faktury.<\/li>\n<\/ul>\n<p>[\/vc_column_text][vc_empty_space height=&#8221;132px&#8221;]<div class=\"\"><div class=\"title_center\"><p class=\"\">Kontakt<\/p><\/div><div class=\"center_line\"><\/div><\/div>[vc_column_text]<\/p>\n<h1 class=\"cablink\" style=\"text-align: center;\"><a href=\"tel:+48799115111\">+48 799 115 111<\/a><\/h1>\n<p>[\/vc_column_text][\/vc_column_inner][vc_column_inner width=&#8221;1\/2&#8243;][vc_column_text]<\/p>\n<h3><strong>Zapraszamy do skorzystania z naszych us\u0142ug:<\/strong><\/h3>\n<p>[\/vc_column_text][vc_empty_space]\n<div class=\"wpcf7 no-js\" id=\"wpcf7-f582-o1\" lang=\"pl-PL\" dir=\"ltr\" data-wpcf7-id=\"582\">\n<div class=\"screen-reader-response\"><p role=\"status\" aria-live=\"polite\" aria-atomic=\"true\"><\/p> <ul><\/ul><\/div>\n<form action=\"\/index.php?rest_route=%2Fwp%2Fv2%2Fpages%2F12#wpcf7-f582-o1\" method=\"post\" class=\"wpcf7-form init\" aria-label=\"Formularz kontaktowy\" novalidate=\"novalidate\" data-status=\"init\">\n<fieldset class=\"hidden-fields-container\"><input type=\"hidden\" name=\"_wpcf7\" value=\"582\" \/><input type=\"hidden\" name=\"_wpcf7_version\" value=\"6.1.5\" \/><input type=\"hidden\" name=\"_wpcf7_locale\" value=\"pl_PL\" \/><input type=\"hidden\" name=\"_wpcf7_unit_tag\" value=\"wpcf7-f582-o1\" \/><input type=\"hidden\" name=\"_wpcf7_container_post\" value=\"0\" \/><input type=\"hidden\" name=\"_wpcf7_posted_data_hash\" value=\"\" \/>\n<\/fieldset>\n<p><label> Twoje imi\u0119 i nazwisko<br \/>\n<span class=\"wpcf7-form-control-wrap\" data-name=\"your-name\"><input size=\"40\" maxlength=\"400\" class=\"wpcf7-form-control wpcf7-text wpcf7-validates-as-required\" autocomplete=\"name\" aria-required=\"true\" aria-invalid=\"false\" value=\"\" type=\"text\" name=\"your-name\" \/><\/span> <\/label>\n<\/p>\n<p><label> Tw\u00f3j adres e-mail<br \/>\n<span class=\"wpcf7-form-control-wrap\" data-name=\"your-email\"><input size=\"40\" maxlength=\"400\" class=\"wpcf7-form-control wpcf7-email wpcf7-validates-as-required wpcf7-text wpcf7-validates-as-email\" autocomplete=\"email\" aria-required=\"true\" aria-invalid=\"false\" value=\"\" type=\"email\" name=\"your-email\" \/><\/span> <\/label>\n<\/p>\n<p><label> Tw\u00f3j telefon<br \/>\n<span class=\"wpcf7-form-control-wrap\" data-name=\"tel-430\"><input size=\"40\" maxlength=\"400\" class=\"wpcf7-form-control wpcf7-tel wpcf7-validates-as-required wpcf7-text wpcf7-validates-as-tel\" aria-required=\"true\" aria-invalid=\"false\" value=\"\" type=\"tel\" name=\"tel-430\" \/><\/span><\/label>\n<\/p>\n<p><label> Ilo\u015b\u0107 komplet\u00f3w<br \/>\n<span class=\"wpcf7-form-control-wrap\" data-name=\"menu-90\"><select class=\"wpcf7-form-control wpcf7-select wpcf7-validates-as-required\" aria-required=\"true\" aria-invalid=\"false\" name=\"menu-90\"><option value=\"do 25\">do 25<\/option><option value=\"do 100\">do 100<\/option><option value=\"do 400\">do 400<\/option><option value=\"do 1000\">do 1000<\/option><\/select><\/span><br \/>\n<\/label>\n<\/p>\n<p><label> Czas<br \/>\n<span class=\"wpcf7-form-control-wrap\" data-name=\"menu-91\"><select class=\"wpcf7-form-control wpcf7-select wpcf7-validates-as-required\" aria-required=\"true\" aria-invalid=\"false\" name=\"menu-91\"><option value=\"3 mc\">3 mc<\/option><option value=\"6 mc\">6 mc<\/option><option value=\"rok\">rok<\/option><option value=\"ponad rok\">ponad rok<\/option><\/select><\/span><br \/>\n<\/label>\n<\/p>\n<p><label> Komentarz (opcjonalne)<br \/>\n<span class=\"wpcf7-form-control-wrap\" data-name=\"your-message\"><textarea cols=\"40\" rows=\"2\" maxlength=\"2000\" class=\"wpcf7-form-control wpcf7-textarea\" aria-invalid=\"false\" name=\"your-message\"><\/textarea><\/span> <\/label>\n<\/p>\n<p><input class=\"wpcf7-form-control wpcf7-submit has-spinner\" type=\"submit\" value=\"Wy\u015blij\" \/>\n<\/p><div class=\"wpcf7-response-output\" aria-hidden=\"true\"><\/div>\n<\/form>\n<\/div>\n[vc_empty_space height=&#8221;132px&#8221;][\/vc_column_inner][\/vc_row_inner][vc_empty_space height=&#8221;66px&#8221;][vc_single_image image=&#8221;667&#8243; img_size=&#8221;full&#8221; alignment=&#8221;center&#8221; onclick=&#8221;custom_link&#8221; img_link_target=&#8221;_blank&#8221; link=&#8221;https:\/\/speedwroclaw.com\/&#8221;][vc_empty_space height=&#8221;132px&#8221;]<div class=\"clear\"><\/div><\/div>[\/vc_column][\/vc_row]<\/p>\n<\/div>","protected":false},"excerpt":{"rendered":"<p>Organization of a Design Days Conference series is a result of the continued policy and continuous learning process, connecting researchers and practitioners attempting to understand better the problems they are trying to address. The objectives of the Design Days Conferences tend to be integrative across the various disciplines, to reach the current state-of-the-art, to cover the multidisciplinary aspects of design and to assure high level review policy. <\/p>\n","protected":false},"author":1,"featured_media":0,"parent":0,"menu_order":0,"comment_status":"closed","ping_status":"closed","template":"fullwidth.php","meta":{"footnotes":""},"class_list":["post-12","page","type-page","status-publish","hentry",""],"_links":{"self":[{"href":"https:\/\/przechowalniaoponwroclaw.pl\/index.php?rest_route=\/wp\/v2\/pages\/12","targetHints":{"allow":["GET"]}}],"collection":[{"href":"https:\/\/przechowalniaoponwroclaw.pl\/index.php?rest_route=\/wp\/v2\/pages"}],"about":[{"href":"https:\/\/przechowalniaoponwroclaw.pl\/index.php?rest_route=\/wp\/v2\/types\/page"}],"author":[{"embeddable":true,"href":"https:\/\/przechowalniaoponwroclaw.pl\/index.php?rest_route=\/wp\/v2\/users\/1"}],"replies":[{"embeddable":true,"href":"https:\/\/przechowalniaoponwroclaw.pl\/index.php?rest_route=%2Fwp%2Fv2%2Fcomments&post=12"}],"version-history":[{"count":46,"href":"https:\/\/przechowalniaoponwroclaw.pl\/index.php?rest_route=\/wp\/v2\/pages\/12\/revisions"}],"predecessor-version":[{"id":703,"href":"https:\/\/przechowalniaoponwroclaw.pl\/index.php?rest_route=\/wp\/v2\/pages\/12\/revisions\/703"}],"wp:attachment":[{"href":"https:\/\/przechowalniaoponwroclaw.pl\/index.php?rest_route=%2Fwp%2Fv2%2Fmedia&parent=12"}],"curies":[{"name":"wp","href":"https:\/\/api.w.org\/{rel}","templated":true}]}}